{"id":29546,"date":"2025-07-18T16:44:33","date_gmt":"2025-07-18T13:44:33","guid":{"rendered":"https:\/\/oredune.com\/?post_type=product&#038;p=29546"},"modified":"2026-03-25T15:58:29","modified_gmt":"2026-03-25T12:58:29","slug":"orena-necklace-aquamarine-stone-ore-dune-logo","status":"publish","type":"product","link":"https:\/\/oredune.com\/en\/orena-necklace-aquamarine-stone-ore-dune-logo\/","title":{"rendered":"Orena Necklace &#8211; Aquamarine Stone ( Ore Dune Logo )"},"content":{"rendered":"<p>Bu tasar\u0131m, yaln\u0131zca bir m\u00fccevher de\u011fil; Ore Dune\u2019un do\u011fdu\u011fu an\u0131n, felsefesinin ve ruhunun simgesidir.<\/p>\n<p>Markan\u0131n logosunu ta\u015f\u0131yan bu \u00f6zel kolye, merkezinde yer alan 4 ct. y\u00fcksek kalite Aquamarine ta\u015f\u0131yla berrakl\u0131k, dinginlik ve i\u00e7sel cesareti temsil eder. Ta\u015f\u0131yan ki\u015fiye yaln\u0131zca bir estetik de\u011fil, bir enerji alan\u0131 sunar.<\/p>\n<p>Do\u011fan\u0131n dokusundan ilham al\u0131narak i\u015flenen y\u00fczey, mikron alt\u0131n kaplama ile zamans\u0131z bir ihti\u015fam kazan\u0131rken; arka y\u00fczeyde yer alan 0.03 ct. Z\u00fcmr\u00fct ta\u015f\u0131, do\u011frudan teninize temas eder.<\/p>\n<p>Bu temas; kalp \u00e7akras\u0131n\u0131 uyand\u0131r\u0131r, ta\u015f\u0131y\u0131c\u0131ya sezgisel derinlik ve i\u00e7sel uyum kazand\u0131r\u0131r.<\/p>\n<p>Bu kolye, bir duru\u015fun; zarafetin, kimli\u011fin ve ruha dokunan bir sanat\u0131n ifadesidir. Her detay\u0131nda bilin\u00e7li bir se\u00e7im, her dokunu\u015fta anlam y\u00fckl\u00fcd\u00fcr. Ore Dune\u2019un hik\u00e2yesi art\u0131k sizinle yaz\u0131l\u0131yor.<\/p>\n<p>Markan\u0131n kalbi\u2026 4 ct. Aquamarine ve tene de\u011fen Z\u00fcmr\u00fct\u2019le kimli\u011fine dokun.<\/p>\n","protected":false},"excerpt":{"rendered":"<p>\u201cOre Dune\u2019un kalbinden do\u011fan kutsal m\u00fch\u00fcr\u201d<\/p>\n<p>Ore Dune\u2019un \u00f6z\u00fcn\u00fc ta\u015f\u0131yan bu kolye, sadece bir tak\u0131 de\u011fil, bir kimliktir.<\/p>\n<p>Orena, markan\u0131n do\u011fum an\u0131n\u0131 ve ruhunu ta\u015f\u0131yan sonsuz m\u00fch\u00fcr.<\/p>\n","protected":false},"featured_media":29547,"comment_status":"closed","ping_status":"closed","template":"","meta":[],"product_brand":[],"product_cat":[29],"product_tag":[],"class_list":{"0":"post-29546","1":"product","2":"type-product","3":"status-publish","4":"has-post-thumbnail","6":"product_cat-kolye","8":"first","9":"instock","10":"shipping-taxable","11":"purchasable","12":"product-type-simple"},"jetpack_sharing_enabled":true,"_links":{"self":[{"href":"https:\/\/oredune.com\/en\/wp-json\/wp\/v2\/product\/29546","targetHints":{"allow":["GET"]}}],"collection":[{"href":"https:\/\/oredune.com\/en\/wp-json\/wp\/v2\/product"}],"about":[{"href":"https:\/\/oredune.com\/en\/wp-json\/wp\/v2\/types\/product"}],"replies":[{"embeddable":true,"href":"https:\/\/oredune.com\/en\/wp-json\/wp\/v2\/comments?post=29546"}],"version-history":[{"count":1,"href":"https:\/\/oredune.com\/en\/wp-json\/wp\/v2\/product\/29546\/revisions"}],"predecessor-version":[{"id":29551,"href":"https:\/\/oredune.com\/en\/wp-json\/wp\/v2\/product\/29546\/revisions\/29551"}],"wp:featuredmedia":[{"embeddable":true,"href":"https:\/\/oredune.com\/en\/wp-json\/wp\/v2\/media\/29547"}],"wp:attachment":[{"href":"https:\/\/oredune.com\/en\/wp-json\/wp\/v2\/media?parent=29546"}],"wp:term":[{"taxonomy":"product_brand","embeddable":true,"href":"https:\/\/oredune.com\/en\/wp-json\/wp\/v2\/product_brand?post=29546"},{"taxonomy":"product_cat","embeddable":true,"href":"https:\/\/oredune.com\/en\/wp-json\/wp\/v2\/product_cat?post=29546"},{"taxonomy":"product_tag","embeddable":true,"href":"https:\/\/oredune.com\/en\/wp-json\/wp\/v2\/product_tag?post=29546"}],"curies":[{"name":"wp","href":"https:\/\/api.w.org\/{rel}","templated":true}]}}