{"id":29540,"date":"2025-07-18T16:39:02","date_gmt":"2025-07-18T13:39:02","guid":{"rendered":"https:\/\/oredune.com\/?post_type=product&#038;p=29540"},"modified":"2025-12-15T18:19:36","modified_gmt":"2025-12-15T15:19:36","slug":"naia-necklace-moon-stone","status":"publish","type":"product","link":"https:\/\/oredune.com\/en\/naia-necklace-moon-stone\/","title":{"rendered":"Naia Necklace &#8211; Moon Stone"},"content":{"rendered":"<p>Ya\u015fam\u0131n kayna\u011f\u0131n\u0131 temsil eden damla formundaki bu kolye, ortas\u0131nda \u0131\u015f\u0131kla dans eden Ay ta\u015f\u0131n\u0131 ta\u015f\u0131r.<\/p>\n<p>Alt\u0131n desenli y\u00fczeydeki oyma detaylar her bireyin kendine \u00f6zg\u00fc yolculu\u011funu simgeler.<\/p>\n<p>Tene temas eden 0.03 ct. z\u00fcmr\u00fct ise bu yolculu\u011fun ruhsal pusulas\u0131d\u0131r.<\/p>\n","protected":false},"excerpt":{"rendered":"<p>Hayat\u0131n \u00f6z\u00fcn\u00fc ta\u015f\u0131yan damla form, kalbinize de\u011fen Z\u00fcmr\u00fct\u2019le tamamlan\u0131r.<\/p>\n","protected":false},"featured_media":29541,"comment_status":"closed","ping_status":"closed","template":"","meta":[],"product_brand":[],"product_cat":[29],"product_tag":[],"class_list":{"0":"post-29540","1":"product","2":"type-product","3":"status-publish","4":"has-post-thumbnail","6":"product_cat-kolye","8":"first","9":"outofstock","10":"shipping-taxable","11":"purchasable","12":"product-type-simple"},"jetpack_sharing_enabled":true,"_links":{"self":[{"href":"https:\/\/oredune.com\/en\/wp-json\/wp\/v2\/product\/29540","targetHints":{"allow":["GET"]}}],"collection":[{"href":"https:\/\/oredune.com\/en\/wp-json\/wp\/v2\/product"}],"about":[{"href":"https:\/\/oredune.com\/en\/wp-json\/wp\/v2\/types\/product"}],"replies":[{"embeddable":true,"href":"https:\/\/oredune.com\/en\/wp-json\/wp\/v2\/comments?post=29540"}],"version-history":[{"count":1,"href":"https:\/\/oredune.com\/en\/wp-json\/wp\/v2\/product\/29540\/revisions"}],"predecessor-version":[{"id":29545,"href":"https:\/\/oredune.com\/en\/wp-json\/wp\/v2\/product\/29540\/revisions\/29545"}],"wp:featuredmedia":[{"embeddable":true,"href":"https:\/\/oredune.com\/en\/wp-json\/wp\/v2\/media\/29541"}],"wp:attachment":[{"href":"https:\/\/oredune.com\/en\/wp-json\/wp\/v2\/media?parent=29540"}],"wp:term":[{"taxonomy":"product_brand","embeddable":true,"href":"https:\/\/oredune.com\/en\/wp-json\/wp\/v2\/product_brand?post=29540"},{"taxonomy":"product_cat","embeddable":true,"href":"https:\/\/oredune.com\/en\/wp-json\/wp\/v2\/product_cat?post=29540"},{"taxonomy":"product_tag","embeddable":true,"href":"https:\/\/oredune.com\/en\/wp-json\/wp\/v2\/product_tag?post=29540"}],"curies":[{"name":"wp","href":"https:\/\/api.w.org\/{rel}","templated":true}]}}