{"id":29534,"date":"2025-07-18T16:35:10","date_gmt":"2025-07-18T13:35:10","guid":{"rendered":"https:\/\/oredune.com\/?post_type=product&#038;p=29534"},"modified":"2025-12-19T16:55:30","modified_gmt":"2025-12-19T13:55:30","slug":"selenya-necklace-moon-stone","status":"publish","type":"product","link":"https:\/\/oredune.com\/en\/selenya-necklace-moon-stone\/","title":{"rendered":"Selenya Necklace &#8211; Moon Stone"},"content":{"rendered":"<p>Ay ta\u015f\u0131, sezgisel bilgeli\u011fi temsil ederken oval g\u00f6z formu sizi nazardan korur.<\/p>\n<p>Bu tasar\u0131mda ta\u015f\u0131n mistik \u0131\u015f\u0131lt\u0131s\u0131, alt\u0131n y\u00fczeyin do\u011fal dokusuyla birle\u015fir.<\/p>\n<p>Z\u00fcmr\u00fct ta\u015f\u0131, arka y\u00fczeyde teninize temas ederek i\u00e7sel huzuru harekete ge\u00e7irir.<\/p>\n","protected":false},"excerpt":{"rendered":"<p>Nazara kar\u015f\u0131 bir bak\u0131\u015f, kalbinize de\u011fen Z\u00fcmr\u00fct\u2019le koruma sa\u011flar.<\/p>\n","protected":false},"featured_media":29535,"comment_status":"closed","ping_status":"closed","template":"","meta":[],"product_brand":[],"product_cat":[29],"product_tag":[],"class_list":{"0":"post-29534","1":"product","2":"type-product","3":"status-publish","4":"has-post-thumbnail","6":"product_cat-kolye","8":"first","9":"instock","10":"sale","11":"shipping-taxable","12":"purchasable","13":"product-type-simple"},"jetpack_sharing_enabled":true,"_links":{"self":[{"href":"https:\/\/oredune.com\/en\/wp-json\/wp\/v2\/product\/29534","targetHints":{"allow":["GET"]}}],"collection":[{"href":"https:\/\/oredune.com\/en\/wp-json\/wp\/v2\/product"}],"about":[{"href":"https:\/\/oredune.com\/en\/wp-json\/wp\/v2\/types\/product"}],"replies":[{"embeddable":true,"href":"https:\/\/oredune.com\/en\/wp-json\/wp\/v2\/comments?post=29534"}],"version-history":[{"count":1,"href":"https:\/\/oredune.com\/en\/wp-json\/wp\/v2\/product\/29534\/revisions"}],"predecessor-version":[{"id":29539,"href":"https:\/\/oredune.com\/en\/wp-json\/wp\/v2\/product\/29534\/revisions\/29539"}],"wp:featuredmedia":[{"embeddable":true,"href":"https:\/\/oredune.com\/en\/wp-json\/wp\/v2\/media\/29535"}],"wp:attachment":[{"href":"https:\/\/oredune.com\/en\/wp-json\/wp\/v2\/media?parent=29534"}],"wp:term":[{"taxonomy":"product_brand","embeddable":true,"href":"https:\/\/oredune.com\/en\/wp-json\/wp\/v2\/product_brand?post=29534"},{"taxonomy":"product_cat","embeddable":true,"href":"https:\/\/oredune.com\/en\/wp-json\/wp\/v2\/product_cat?post=29534"},{"taxonomy":"product_tag","embeddable":true,"href":"https:\/\/oredune.com\/en\/wp-json\/wp\/v2\/product_tag?post=29534"}],"curies":[{"name":"wp","href":"https:\/\/api.w.org\/{rel}","templated":true}]}}