{"id":29528,"date":"2025-07-18T16:31:00","date_gmt":"2025-07-18T13:31:00","guid":{"rendered":"https:\/\/oredune.com\/?post_type=product&#038;p=29528"},"modified":"2025-12-19T16:57:25","modified_gmt":"2025-12-19T13:57:25","slug":"nocta-necklace-aquamarine-stone","status":"publish","type":"product","link":"https:\/\/oredune.com\/en\/nocta-necklace-aquamarine-stone\/","title":{"rendered":"Nocta Necklace &#8211; Aquamarine Stone"},"content":{"rendered":"<p>Koruyucu g\u00f6z formu, i\u00e7sel fark\u0131ndal\u0131\u011f\u0131 art\u0131ran Aquamarine ta\u015f\u0131yla birle\u015fiyor.<\/p>\n<p>Bu kolye, g\u00f6r\u00fcnmeyeni g\u00f6rmek ve sezgisel g\u00fc\u00e7leri y\u00fckseltmek i\u00e7in tasarland\u0131.<\/p>\n<p>Arka y\u00fcz\u00fcndeki z\u00fcmr\u00fct ta\u015f\u0131 ise teninizle temas ederek bu enerjiyi derinle\u015ftirir.<\/p>\n","protected":false},"excerpt":{"rendered":"<p>G\u00f6r\u00fclmeyeni g\u00f6r, Z\u00fcmr\u00fct\u2019\u00fcn kalbine dokunmas\u0131na izin ver.<\/p>\n","protected":false},"featured_media":29529,"comment_status":"closed","ping_status":"closed","template":"","meta":[],"product_brand":[],"product_cat":[29],"product_tag":[],"class_list":{"0":"post-29528","1":"product","2":"type-product","3":"status-publish","4":"has-post-thumbnail","6":"product_cat-kolye","8":"first","9":"instock","10":"sale","11":"shipping-taxable","12":"purchasable","13":"product-type-simple"},"jetpack_sharing_enabled":true,"_links":{"self":[{"href":"https:\/\/oredune.com\/en\/wp-json\/wp\/v2\/product\/29528","targetHints":{"allow":["GET"]}}],"collection":[{"href":"https:\/\/oredune.com\/en\/wp-json\/wp\/v2\/product"}],"about":[{"href":"https:\/\/oredune.com\/en\/wp-json\/wp\/v2\/types\/product"}],"replies":[{"embeddable":true,"href":"https:\/\/oredune.com\/en\/wp-json\/wp\/v2\/comments?post=29528"}],"version-history":[{"count":1,"href":"https:\/\/oredune.com\/en\/wp-json\/wp\/v2\/product\/29528\/revisions"}],"predecessor-version":[{"id":29533,"href":"https:\/\/oredune.com\/en\/wp-json\/wp\/v2\/product\/29528\/revisions\/29533"}],"wp:featuredmedia":[{"embeddable":true,"href":"https:\/\/oredune.com\/en\/wp-json\/wp\/v2\/media\/29529"}],"wp:attachment":[{"href":"https:\/\/oredune.com\/en\/wp-json\/wp\/v2\/media?parent=29528"}],"wp:term":[{"taxonomy":"product_brand","embeddable":true,"href":"https:\/\/oredune.com\/en\/wp-json\/wp\/v2\/product_brand?post=29528"},{"taxonomy":"product_cat","embeddable":true,"href":"https:\/\/oredune.com\/en\/wp-json\/wp\/v2\/product_cat?post=29528"},{"taxonomy":"product_tag","embeddable":true,"href":"https:\/\/oredune.com\/en\/wp-json\/wp\/v2\/product_tag?post=29528"}],"curies":[{"name":"wp","href":"https:\/\/api.w.org\/{rel}","templated":true}]}}