{"id":29522,"date":"2025-07-18T16:28:18","date_gmt":"2025-07-18T13:28:18","guid":{"rendered":"https:\/\/oredune.com\/?post_type=product&#038;p=29522"},"modified":"2025-12-19T16:57:42","modified_gmt":"2025-12-19T13:57:42","slug":"oriona-necklace-aquamarine-stone","status":"publish","type":"product","link":"https:\/\/oredune.com\/en\/oriona-necklace-aquamarine-stone\/","title":{"rendered":"Oriona Necklace &#8211; Aquamarine Stone"},"content":{"rendered":"<p>Art deco esintili geometrik bu tasar\u0131m, dikd\u00f6rtgen kesim 4.15 ct. Aquamarine ta\u015f\u0131yla dikkat \u00e7eker.<\/p>\n<p>G\u00fc\u00e7 ve zarafet dengesini vurgulayan form, ge\u00e7mi\u015fin ihti\u015fam\u0131n\u0131 g\u00fcn\u00fcm\u00fcz ruhuyla bulu\u015fturur.<\/p>\n<p>Tene temas eden 0.03 ct. z\u00fcmr\u00fct, zamans\u0131z enerjinizi destekler.<\/p>\n","protected":false},"excerpt":{"rendered":"<p>Zamana meydan okuyan tasar\u0131m, Z\u00fcmr\u00fct\u2019\u00fcn teninizle bulu\u015fmas\u0131yla canlan\u0131r.<\/p>\n","protected":false},"featured_media":29523,"comment_status":"closed","ping_status":"closed","template":"","meta":[],"product_brand":[],"product_cat":[29],"product_tag":[],"class_list":{"0":"post-29522","1":"product","2":"type-product","3":"status-publish","4":"has-post-thumbnail","6":"product_cat-kolye","8":"first","9":"instock","10":"sale","11":"shipping-taxable","12":"purchasable","13":"product-type-simple"},"jetpack_sharing_enabled":true,"_links":{"self":[{"href":"https:\/\/oredune.com\/en\/wp-json\/wp\/v2\/product\/29522","targetHints":{"allow":["GET"]}}],"collection":[{"href":"https:\/\/oredune.com\/en\/wp-json\/wp\/v2\/product"}],"about":[{"href":"https:\/\/oredune.com\/en\/wp-json\/wp\/v2\/types\/product"}],"replies":[{"embeddable":true,"href":"https:\/\/oredune.com\/en\/wp-json\/wp\/v2\/comments?post=29522"}],"version-history":[{"count":1,"href":"https:\/\/oredune.com\/en\/wp-json\/wp\/v2\/product\/29522\/revisions"}],"predecessor-version":[{"id":29527,"href":"https:\/\/oredune.com\/en\/wp-json\/wp\/v2\/product\/29522\/revisions\/29527"}],"wp:featuredmedia":[{"embeddable":true,"href":"https:\/\/oredune.com\/en\/wp-json\/wp\/v2\/media\/29523"}],"wp:attachment":[{"href":"https:\/\/oredune.com\/en\/wp-json\/wp\/v2\/media?parent=29522"}],"wp:term":[{"taxonomy":"product_brand","embeddable":true,"href":"https:\/\/oredune.com\/en\/wp-json\/wp\/v2\/product_brand?post=29522"},{"taxonomy":"product_cat","embeddable":true,"href":"https:\/\/oredune.com\/en\/wp-json\/wp\/v2\/product_cat?post=29522"},{"taxonomy":"product_tag","embeddable":true,"href":"https:\/\/oredune.com\/en\/wp-json\/wp\/v2\/product_tag?post=29522"}],"curies":[{"name":"wp","href":"https:\/\/api.w.org\/{rel}","templated":true}]}}