{"id":29516,"date":"2025-07-18T16:24:44","date_gmt":"2025-07-18T13:24:44","guid":{"rendered":"https:\/\/oredune.com\/?post_type=product&#038;p=29516"},"modified":"2025-12-19T16:56:33","modified_gmt":"2025-12-19T13:56:33","slug":"aralia-necklace-aquamarine-stone","status":"publish","type":"product","link":"https:\/\/oredune.com\/en\/aralia-necklace-aquamarine-stone\/","title":{"rendered":"Aralia Necklace &#8211; Aquamarine Stone"},"content":{"rendered":"<p>\u00dc\u00e7gen form, ilahi g\u00fcc\u00fc ve korumay\u0131 simgeler. Bu kolye, merkezindeki 4.30 ct. Aquamarine ta\u015f\u0131 ile zihni sakinle\u015ftirirken, alt\u0131n zemin ve \u00e7evresindeki \u00f6rg\u00fc detaylar sa\u011flaml\u0131k ve zarafeti birle\u015ftirir.<\/p>\n<p>Arka y\u00fcz\u00fcndeki 0.03 ct. z\u00fcmr\u00fct, kalp enerjinizi do\u011frudan aktive eder.<\/p>\n","protected":false},"excerpt":{"rendered":"<p>Ruhunuza y\u00f6n veren \u00fc\u00e7gen Aquamarine, Z\u00fcmr\u00fct\u2019\u00fcn teninize de\u011fmesiyle hayat bulur.<\/p>\n","protected":false},"featured_media":29517,"comment_status":"closed","ping_status":"closed","template":"","meta":[],"product_brand":[],"product_cat":[29],"product_tag":[],"class_list":{"0":"post-29516","1":"product","2":"type-product","3":"status-publish","4":"has-post-thumbnail","6":"product_cat-kolye","8":"first","9":"instock","10":"sale","11":"shipping-taxable","12":"purchasable","13":"product-type-simple"},"jetpack_sharing_enabled":true,"_links":{"self":[{"href":"https:\/\/oredune.com\/en\/wp-json\/wp\/v2\/product\/29516","targetHints":{"allow":["GET"]}}],"collection":[{"href":"https:\/\/oredune.com\/en\/wp-json\/wp\/v2\/product"}],"about":[{"href":"https:\/\/oredune.com\/en\/wp-json\/wp\/v2\/types\/product"}],"replies":[{"embeddable":true,"href":"https:\/\/oredune.com\/en\/wp-json\/wp\/v2\/comments?post=29516"}],"version-history":[{"count":1,"href":"https:\/\/oredune.com\/en\/wp-json\/wp\/v2\/product\/29516\/revisions"}],"predecessor-version":[{"id":29521,"href":"https:\/\/oredune.com\/en\/wp-json\/wp\/v2\/product\/29516\/revisions\/29521"}],"wp:featuredmedia":[{"embeddable":true,"href":"https:\/\/oredune.com\/en\/wp-json\/wp\/v2\/media\/29517"}],"wp:attachment":[{"href":"https:\/\/oredune.com\/en\/wp-json\/wp\/v2\/media?parent=29516"}],"wp:term":[{"taxonomy":"product_brand","embeddable":true,"href":"https:\/\/oredune.com\/en\/wp-json\/wp\/v2\/product_brand?post=29516"},{"taxonomy":"product_cat","embeddable":true,"href":"https:\/\/oredune.com\/en\/wp-json\/wp\/v2\/product_cat?post=29516"},{"taxonomy":"product_tag","embeddable":true,"href":"https:\/\/oredune.com\/en\/wp-json\/wp\/v2\/product_tag?post=29516"}],"curies":[{"name":"wp","href":"https:\/\/api.w.org\/{rel}","templated":true}]}}