{"id":29510,"date":"2025-07-18T16:21:23","date_gmt":"2025-07-18T13:21:23","guid":{"rendered":"https:\/\/oredune.com\/?post_type=product&#038;p=29510"},"modified":"2025-12-19T16:57:59","modified_gmt":"2025-12-19T13:57:59","slug":"solina-necklace-aquamarine-stone","status":"publish","type":"product","link":"https:\/\/oredune.com\/en\/solina-necklace-aquamarine-stone\/","title":{"rendered":"Solina Necklace &#8211; Aquamarine Stone"},"content":{"rendered":"<p>Ya\u015fam\u0131n kayna\u011f\u0131 suyu temsil eden damla formundaki bu kolye, ortas\u0131nda \u0131\u015f\u0131kla dans eden Aquamarine ta\u015f\u0131 ta\u015f\u0131r.<\/p>\n<p>Alt\u0131n desenli y\u00fczeydeki oyma detaylar her bireyin kendine \u00f6zg\u00fc yolculu\u011funu simgeler. Tene temas eden 0.03 ct.z\u00fcmr\u00fct ise bu yolculu\u011fun ruhsal pusulas\u0131d\u0131r.<\/p>\n","protected":false},"excerpt":{"rendered":"<p>Hayat\u0131n \u00f6z\u00fcn\u00fc ta\u015f\u0131yan damla form, kalbinize de\u011fen Z\u00fcmr\u00fct\u2019le tamamlan\u0131r.<\/p>\n","protected":false},"featured_media":29511,"comment_status":"closed","ping_status":"closed","template":"","meta":[],"product_brand":[],"product_cat":[29],"product_tag":[],"class_list":{"0":"post-29510","1":"product","2":"type-product","3":"status-publish","4":"has-post-thumbnail","6":"product_cat-kolye","8":"first","9":"instock","10":"sale","11":"shipping-taxable","12":"purchasable","13":"product-type-simple"},"jetpack_sharing_enabled":true,"_links":{"self":[{"href":"https:\/\/oredune.com\/en\/wp-json\/wp\/v2\/product\/29510","targetHints":{"allow":["GET"]}}],"collection":[{"href":"https:\/\/oredune.com\/en\/wp-json\/wp\/v2\/product"}],"about":[{"href":"https:\/\/oredune.com\/en\/wp-json\/wp\/v2\/types\/product"}],"replies":[{"embeddable":true,"href":"https:\/\/oredune.com\/en\/wp-json\/wp\/v2\/comments?post=29510"}],"version-history":[{"count":1,"href":"https:\/\/oredune.com\/en\/wp-json\/wp\/v2\/product\/29510\/revisions"}],"predecessor-version":[{"id":29515,"href":"https:\/\/oredune.com\/en\/wp-json\/wp\/v2\/product\/29510\/revisions\/29515"}],"wp:featuredmedia":[{"embeddable":true,"href":"https:\/\/oredune.com\/en\/wp-json\/wp\/v2\/media\/29511"}],"wp:attachment":[{"href":"https:\/\/oredune.com\/en\/wp-json\/wp\/v2\/media?parent=29510"}],"wp:term":[{"taxonomy":"product_brand","embeddable":true,"href":"https:\/\/oredune.com\/en\/wp-json\/wp\/v2\/product_brand?post=29510"},{"taxonomy":"product_cat","embeddable":true,"href":"https:\/\/oredune.com\/en\/wp-json\/wp\/v2\/product_cat?post=29510"},{"taxonomy":"product_tag","embeddable":true,"href":"https:\/\/oredune.com\/en\/wp-json\/wp\/v2\/product_tag?post=29510"}],"curies":[{"name":"wp","href":"https:\/\/api.w.org\/{rel}","templated":true}]}}