{"id":29504,"date":"2025-07-18T16:17:38","date_gmt":"2025-07-18T13:17:38","guid":{"rendered":"https:\/\/oredune.com\/?post_type=product&#038;p=29504"},"modified":"2025-12-19T16:57:06","modified_gmt":"2025-12-19T13:57:06","slug":"calypso-necklace-aquamarine-stone","status":"publish","type":"product","link":"https:\/\/oredune.com\/en\/calypso-necklace-aquamarine-stone\/","title":{"rendered":"Calypso Necklace &#8211; Aquamarine Stone"},"content":{"rendered":"<p>Oval formun zarafetiyle tasarlanan bu kolyede, huzur ta\u015f\u0131 14.20 ct. Aquamarine merkezde yer al\u0131r.<\/p>\n<p>G\u00fcm\u00fc\u015f \u00fczeri alt\u0131n kaplama y\u00fczeyiyle birle\u015fen sakin mavi ta\u015f, ileti\u015fim g\u00fcc\u00fcn\u00fcz\u00fc art\u0131r\u0131rken, arka y\u00fcz\u00fcndeki z\u00fcmr\u00fct do\u011frudan teninize temas ederek do\u011fal frekans\u0131n\u0131z\u0131 dengelemeye yard\u0131mc\u0131 olur.<\/p>\n","protected":false},"excerpt":{"rendered":"<p>\u0130\u00e7 huzurun ta\u015f\u0131 Aquamarine, arkadaki Z\u00fcmr\u00fct\u2019le kalbinize dokunur.<\/p>\n","protected":false},"featured_media":29505,"comment_status":"closed","ping_status":"closed","template":"","meta":[],"product_brand":[],"product_cat":[29],"product_tag":[],"class_list":{"0":"post-29504","1":"product","2":"type-product","3":"status-publish","4":"has-post-thumbnail","6":"product_cat-kolye","8":"first","9":"instock","10":"sale","11":"shipping-taxable","12":"purchasable","13":"product-type-simple"},"jetpack_sharing_enabled":true,"_links":{"self":[{"href":"https:\/\/oredune.com\/en\/wp-json\/wp\/v2\/product\/29504","targetHints":{"allow":["GET"]}}],"collection":[{"href":"https:\/\/oredune.com\/en\/wp-json\/wp\/v2\/product"}],"about":[{"href":"https:\/\/oredune.com\/en\/wp-json\/wp\/v2\/types\/product"}],"replies":[{"embeddable":true,"href":"https:\/\/oredune.com\/en\/wp-json\/wp\/v2\/comments?post=29504"}],"version-history":[{"count":1,"href":"https:\/\/oredune.com\/en\/wp-json\/wp\/v2\/product\/29504\/revisions"}],"predecessor-version":[{"id":29509,"href":"https:\/\/oredune.com\/en\/wp-json\/wp\/v2\/product\/29504\/revisions\/29509"}],"wp:featuredmedia":[{"embeddable":true,"href":"https:\/\/oredune.com\/en\/wp-json\/wp\/v2\/media\/29505"}],"wp:attachment":[{"href":"https:\/\/oredune.com\/en\/wp-json\/wp\/v2\/media?parent=29504"}],"wp:term":[{"taxonomy":"product_brand","embeddable":true,"href":"https:\/\/oredune.com\/en\/wp-json\/wp\/v2\/product_brand?post=29504"},{"taxonomy":"product_cat","embeddable":true,"href":"https:\/\/oredune.com\/en\/wp-json\/wp\/v2\/product_cat?post=29504"},{"taxonomy":"product_tag","embeddable":true,"href":"https:\/\/oredune.com\/en\/wp-json\/wp\/v2\/product_tag?post=29504"}],"curies":[{"name":"wp","href":"https:\/\/api.w.org\/{rel}","templated":true}]}}