{"id":29498,"date":"2025-07-18T16:12:13","date_gmt":"2025-07-18T13:12:13","guid":{"rendered":"https:\/\/oredune.com\/?post_type=product&#038;p=29498"},"modified":"2025-12-19T16:56:09","modified_gmt":"2025-12-19T13:56:09","slug":"sumara-necklace-moon-stone","status":"publish","type":"product","link":"https:\/\/oredune.com\/en\/sumara-necklace-moon-stone\/","title":{"rendered":"Sumara Necklace &#8211; Moon Stone"},"content":{"rendered":"<p>G\u00f6ksel enerjinin koruyucu g\u00fcc\u00fcn\u00fc temsil eden bu g\u00f6z formundaki kolye, merkezinde b\u00fcy\u00fcleyici bir Ay ta\u015f\u0131 bar\u0131nd\u0131r\u0131r. Alt\u0131n dokulu y\u00fczeyinde akan \u00e7izgiler, i\u00e7sel sezgiyi ve enerjiyi simgeler.<\/p>\n<p>Kolyenin arkas\u0131nda yer alan 0.03 ct. z\u00fcmr\u00fct ise do\u011frudan teninize temas ederek ruhsal dengeyi ve kalp \u00e7akras\u0131n\u0131 harekete ge\u00e7irir.<\/p>\n","protected":false},"excerpt":{"rendered":"<p>Sezgilerin \u0131\u015f\u0131\u011f\u0131yla koruyan Ay ta\u015f\u0131, teninize de\u011fen Z\u00fcmr\u00fct\u2019le kalbinizi dengeler.<\/p>\n","protected":false},"featured_media":29499,"comment_status":"closed","ping_status":"closed","template":"","meta":[],"product_brand":[],"product_cat":[29],"product_tag":[],"class_list":{"0":"post-29498","1":"product","2":"type-product","3":"status-publish","4":"has-post-thumbnail","6":"product_cat-kolye","8":"first","9":"instock","10":"sale","11":"shipping-taxable","12":"purchasable","13":"product-type-simple"},"jetpack_sharing_enabled":true,"_links":{"self":[{"href":"https:\/\/oredune.com\/en\/wp-json\/wp\/v2\/product\/29498","targetHints":{"allow":["GET"]}}],"collection":[{"href":"https:\/\/oredune.com\/en\/wp-json\/wp\/v2\/product"}],"about":[{"href":"https:\/\/oredune.com\/en\/wp-json\/wp\/v2\/types\/product"}],"replies":[{"embeddable":true,"href":"https:\/\/oredune.com\/en\/wp-json\/wp\/v2\/comments?post=29498"}],"version-history":[{"count":2,"href":"https:\/\/oredune.com\/en\/wp-json\/wp\/v2\/product\/29498\/revisions"}],"predecessor-version":[{"id":29586,"href":"https:\/\/oredune.com\/en\/wp-json\/wp\/v2\/product\/29498\/revisions\/29586"}],"wp:featuredmedia":[{"embeddable":true,"href":"https:\/\/oredune.com\/en\/wp-json\/wp\/v2\/media\/29499"}],"wp:attachment":[{"href":"https:\/\/oredune.com\/en\/wp-json\/wp\/v2\/media?parent=29498"}],"wp:term":[{"taxonomy":"product_brand","embeddable":true,"href":"https:\/\/oredune.com\/en\/wp-json\/wp\/v2\/product_brand?post=29498"},{"taxonomy":"product_cat","embeddable":true,"href":"https:\/\/oredune.com\/en\/wp-json\/wp\/v2\/product_cat?post=29498"},{"taxonomy":"product_tag","embeddable":true,"href":"https:\/\/oredune.com\/en\/wp-json\/wp\/v2\/product_tag?post=29498"}],"curies":[{"name":"wp","href":"https:\/\/api.w.org\/{rel}","templated":true}]}}