{"id":29474,"date":"2025-07-08T16:55:27","date_gmt":"2025-07-08T13:55:27","guid":{"rendered":"https:\/\/oredune.com\/?post_type=product&#038;p=29474"},"modified":"2025-12-15T19:14:51","modified_gmt":"2025-12-15T16:14:51","slug":"levasseur-ring-aquamarine-stone","status":"publish","type":"product","link":"https:\/\/oredune.com\/en\/levasseur-ring-aquamarine-stone\/","title":{"rendered":"Levasseur Ring &#8211; Aquamarine Stone"},"content":{"rendered":"<p>Denizin ruhundan ilhamla \u015fekillenen <strong>Levasseur,<\/strong> bir zamanlar dalgalar\u0131n efendisi olan k\u00e2\u015fiflerin, gezginlerin ve korkusuz korsanlar\u0131n enerjisini ta\u015f\u0131yor. Ad\u0131n\u0131 <strong>Levasseur<\/strong> gibi tarihi ya da kurgusal bir korsandan alan bu par\u00e7a; karizma, cesaret ve gizemi \u00fczerinde ta\u015f\u0131yor.<\/p>\n<p><b>Materyal: 925 ayar g\u00fcm\u00fc\u015f<\/b>\u00a0ile \u00fcretilip\u00a0<b>18 ayar alt\u0131n<\/b>\u00a0ile tamamlanan bu\u00a0<b>Y\u00fcz\u00fck<\/b>, ortas\u0131ndaki\u00a0<b>Aquamarine<\/b>\u00a0ile denizin enerjisini sembolize ediyor. Ta\u015f\u0131n rengi ve dokusu, okyanusun derinliklerini ve anlat\u0131lmam\u0131\u015f hik\u00e2yeleri \u00e7a\u011fr\u0131\u015ft\u0131r\u0131yor.<\/p>\n<p><b>TR: 21.5<\/b>\u00a0\u00f6l\u00e7\u00fcs\u00fcne sahip bu par\u00e7a, g\u00fc\u00e7l\u00fc ama zarif bir izlenim b\u0131rak\u0131yor \u2014 denizi ruhunda ta\u015f\u0131yanlar i\u00e7in zamans\u0131z bir hat\u0131ra.<\/p>\n<p>\u201cHer par\u00e7a sevgiyle elde yap\u0131ld\u0131\u2014size \u00f6zel, e\u015fsiz ve tek.\u201d<\/p>\n","protected":false},"excerpt":{"rendered":"<p>Hayat\u0131n ak\u0131nt\u0131lar\u0131na y\u00f6n verirken ya da uzak ufuklara yelken a\u00e7arken, <strong>Levasseur<\/strong>\u00a0her zaman bir maceran\u0131n izini s\u00fcr\u00fcyor. Denizin \u00e7a\u011fr\u0131s\u0131na kulak verin.<\/p>\n","protected":false},"featured_media":29475,"comment_status":"closed","ping_status":"closed","template":"","meta":[],"product_brand":[],"product_cat":[28],"product_tag":[],"class_list":{"0":"post-29474","1":"product","2":"type-product","3":"status-publish","4":"has-post-thumbnail","6":"product_cat-yuzuk","8":"first","9":"outofstock","10":"shipping-taxable","11":"purchasable","12":"product-type-simple"},"jetpack_sharing_enabled":true,"_links":{"self":[{"href":"https:\/\/oredune.com\/en\/wp-json\/wp\/v2\/product\/29474","targetHints":{"allow":["GET"]}}],"collection":[{"href":"https:\/\/oredune.com\/en\/wp-json\/wp\/v2\/product"}],"about":[{"href":"https:\/\/oredune.com\/en\/wp-json\/wp\/v2\/types\/product"}],"replies":[{"embeddable":true,"href":"https:\/\/oredune.com\/en\/wp-json\/wp\/v2\/comments?post=29474"}],"version-history":[{"count":1,"href":"https:\/\/oredune.com\/en\/wp-json\/wp\/v2\/product\/29474\/revisions"}],"predecessor-version":[{"id":29481,"href":"https:\/\/oredune.com\/en\/wp-json\/wp\/v2\/product\/29474\/revisions\/29481"}],"wp:featuredmedia":[{"embeddable":true,"href":"https:\/\/oredune.com\/en\/wp-json\/wp\/v2\/media\/29475"}],"wp:attachment":[{"href":"https:\/\/oredune.com\/en\/wp-json\/wp\/v2\/media?parent=29474"}],"wp:term":[{"taxonomy":"product_brand","embeddable":true,"href":"https:\/\/oredune.com\/en\/wp-json\/wp\/v2\/product_brand?post=29474"},{"taxonomy":"product_cat","embeddable":true,"href":"https:\/\/oredune.com\/en\/wp-json\/wp\/v2\/product_cat?post=29474"},{"taxonomy":"product_tag","embeddable":true,"href":"https:\/\/oredune.com\/en\/wp-json\/wp\/v2\/product_tag?post=29474"}],"curies":[{"name":"wp","href":"https:\/\/api.w.org\/{rel}","templated":true}]}}