{"id":29319,"date":"2025-05-27T15:29:00","date_gmt":"2025-05-27T12:29:00","guid":{"rendered":"https:\/\/oredune.com\/?post_type=product&#038;p=29319"},"modified":"2025-07-08T14:58:48","modified_gmt":"2025-07-08T11:58:48","slug":"silkraith-necklace-secer-agate-stone","status":"publish","type":"product","link":"https:\/\/oredune.com\/en\/silkraith-necklace-secer-agate-stone\/","title":{"rendered":"Silkraith Necklace \u2013 \u015eecer Agate Stone"},"content":{"rendered":"<p>G\u00f6lgeler i\u00e7inde do\u011fan ve gizemle \u015fekillenen <strong>Silkraith,<\/strong> geceye h\u00fckmeden canl\u0131lardan ve karakterlerden ilham al\u0131yor. Ad\u0131n\u0131 <strong>Silkraith\u00a0<\/strong>gibi fig\u00fcrlerden alan bu tasar\u0131m; cesur, sezgisel ve g\u00f6r\u00fcnmeyen g\u00fc\u00e7lere bir \u00f6vg\u00fc niteli\u011finde.<\/p>\n<p><b>Materyal: 925 ayar g\u00fcm\u00fc\u015f<\/b>\u00a0kullan\u0131larak elde \u00fcretilmi\u015f ve\u00a0<b>18 ayar alt\u0131n\u00a0<\/b>ile tamamlanm\u0131\u015ft\u0131r. \u00dczerinde yer alan \u015eecer Agate Stone,\u00a0<b>nazar ve k\u00f6t\u00fc ruhlardan korunma<\/b>\u00a0ile gizli bir derinlik kazand\u0131r\u0131r. Renk paleti, gecenin karanl\u0131k tonlar\u0131n\u0131 ve g\u00f6r\u00fcnmeyen kanatlar\u0131n \u0131\u015f\u0131\u011f\u0131n\u0131 yans\u0131t\u0131r.<\/p>\n<p>\u201cHer par\u00e7a sevgiyle elde yap\u0131ld\u0131\u2014size \u00f6zel, e\u015fsiz ve tek.\u201d<\/p>\n","protected":false},"excerpt":{"rendered":"<p><strong>Silkraith,<\/strong>\u00a0sadece bir aksesuar de\u011fil; ay \u0131\u015f\u0131\u011f\u0131yla y\u00f6n bulan, sezgiyle ya\u015fayanlar i\u00e7in bir t\u0131ls\u0131m.<\/p>\n","protected":false},"featured_media":29320,"comment_status":"closed","ping_status":"closed","template":"","meta":[],"product_brand":[],"product_cat":[29],"product_tag":[],"class_list":{"0":"post-29319","1":"product","2":"type-product","3":"status-publish","4":"has-post-thumbnail","6":"product_cat-kolye","8":"first","9":"instock","10":"shipping-taxable","11":"purchasable","12":"product-type-simple"},"jetpack_sharing_enabled":true,"_links":{"self":[{"href":"https:\/\/oredune.com\/en\/wp-json\/wp\/v2\/product\/29319","targetHints":{"allow":["GET"]}}],"collection":[{"href":"https:\/\/oredune.com\/en\/wp-json\/wp\/v2\/product"}],"about":[{"href":"https:\/\/oredune.com\/en\/wp-json\/wp\/v2\/types\/product"}],"replies":[{"embeddable":true,"href":"https:\/\/oredune.com\/en\/wp-json\/wp\/v2\/comments?post=29319"}],"version-history":[{"count":4,"href":"https:\/\/oredune.com\/en\/wp-json\/wp\/v2\/product\/29319\/revisions"}],"predecessor-version":[{"id":29437,"href":"https:\/\/oredune.com\/en\/wp-json\/wp\/v2\/product\/29319\/revisions\/29437"}],"wp:featuredmedia":[{"embeddable":true,"href":"https:\/\/oredune.com\/en\/wp-json\/wp\/v2\/media\/29320"}],"wp:attachment":[{"href":"https:\/\/oredune.com\/en\/wp-json\/wp\/v2\/media?parent=29319"}],"wp:term":[{"taxonomy":"product_brand","embeddable":true,"href":"https:\/\/oredune.com\/en\/wp-json\/wp\/v2\/product_brand?post=29319"},{"taxonomy":"product_cat","embeddable":true,"href":"https:\/\/oredune.com\/en\/wp-json\/wp\/v2\/product_cat?post=29319"},{"taxonomy":"product_tag","embeddable":true,"href":"https:\/\/oredune.com\/en\/wp-json\/wp\/v2\/product_tag?post=29319"}],"curies":[{"name":"wp","href":"https:\/\/api.w.org\/{rel}","templated":true}]}}