{"id":29239,"date":"2025-05-27T13:58:40","date_gmt":"2025-05-27T10:58:40","guid":{"rendered":"https:\/\/oredune.com\/?post_type=product&#038;p=29239"},"modified":"2025-06-10T14:47:23","modified_gmt":"2025-06-10T11:47:23","slug":"0500-earring-moon-stone","status":"publish","type":"product","link":"https:\/\/oredune.com\/en\/0500-earring-moon-stone\/","title":{"rendered":"05:00 Earring &#8211; Moon Stone"},"content":{"rendered":"<p>Alacakaranl\u0131\u011f\u0131n sessiz cazibesinden ilham alan\u00a0<b>05:00<\/b>, geceyle g\u00fcnd\u00fcz aras\u0131nda yumu\u015fak\u00e7a s\u00fcz\u00fclen o b\u00fcy\u00fcl\u00fc an\u0131 yakal\u0131yor. Bu \u00f6zel par\u00e7a,\u00a0<b>Twilight<\/b>\u00a0saatlerinden birine ithafen isimlendirilmi\u015ftir \u2014 \u0131\u015f\u0131\u011f\u0131n ve duygular\u0131n de\u011fi\u015fti\u011fi, zaman\u0131n yava\u015flad\u0131\u011f\u0131 e\u015fsiz bir dilimden.<\/p>\n<p><b>Materyal: 925 ayar g\u00fcm\u00fc\u015f<\/b>\u00a0kullan\u0131larak elde \u00fcretilen bu\u00a0<b>K\u00fcpe<\/b>, \u00fczerine uygulanan\u00a0<b>18 ayar alt\u0131n kaplama<\/b>\u00a0ile zarif bir \u0131\u015f\u0131lt\u0131 kazan\u0131yor. Ortas\u0131nda yer alan\u00a0<strong>Moon Stone<\/strong>, ta\u015f\u0131d\u0131\u011f\u0131<b>\u00a0bereket, eril, di\u015fil enerji, dengeleyicili\u011fi<\/b>\u00a0ile dikkat \u00e7ekiyor. Bu ta\u015f\u0131n tonu, alacakaranl\u0131\u011f\u0131n ge\u00e7i\u015fli renklerini yans\u0131tarak her par\u00e7aya zamans\u0131z bir anlam kat\u0131yor.<\/p>\n<p><b>05:00<\/b>, ge\u00e7i\u015f anlar\u0131n\u0131n zarafetini temsil ediyor \u2014 \u0131\u015f\u0131\u011f\u0131n, duygular\u0131n ve an\u0131lar\u0131n birbirine kar\u0131\u015ft\u0131\u011f\u0131 romantik bir durakta, size sadece hissetmek kal\u0131yor.<\/p>\n<p>Kendinize ya da sevdiklerinize anlam dolu bir hediye vermek i\u00e7in ideal.<\/p>\n<p>\u201cHer par\u00e7a sevgiyle elde yap\u0131ld\u0131\u2014size \u00f6zel, e\u015fsiz ve tek.\u201d<\/p>\n","protected":false},"excerpt":{"rendered":"<p><b>05:00<\/b>, en sessiz saatlerin bile nas\u0131l parlayabildi\u011fini hat\u0131rlatmak i\u00e7in burada.<\/p>\n<p>Alacakaranl\u0131\u011f\u0131n b\u00fcy\u00fcs\u00fcn\u00fc \u00fczerinizde ta\u015f\u0131y\u0131n.<\/p>\n","protected":false},"featured_media":29240,"comment_status":"closed","ping_status":"closed","template":"","meta":[],"product_brand":[],"product_cat":[20],"product_tag":[],"class_list":{"0":"post-29239","1":"product","2":"type-product","3":"status-publish","4":"has-post-thumbnail","6":"product_cat-kupe","8":"first","9":"instock","10":"shipping-taxable","11":"purchasable","12":"product-type-simple"},"jetpack_sharing_enabled":true,"_links":{"self":[{"href":"https:\/\/oredune.com\/en\/wp-json\/wp\/v2\/product\/29239","targetHints":{"allow":["GET"]}}],"collection":[{"href":"https:\/\/oredune.com\/en\/wp-json\/wp\/v2\/product"}],"about":[{"href":"https:\/\/oredune.com\/en\/wp-json\/wp\/v2\/types\/product"}],"replies":[{"embeddable":true,"href":"https:\/\/oredune.com\/en\/wp-json\/wp\/v2\/comments?post=29239"}],"version-history":[{"count":2,"href":"https:\/\/oredune.com\/en\/wp-json\/wp\/v2\/product\/29239\/revisions"}],"predecessor-version":[{"id":29247,"href":"https:\/\/oredune.com\/en\/wp-json\/wp\/v2\/product\/29239\/revisions\/29247"}],"wp:featuredmedia":[{"embeddable":true,"href":"https:\/\/oredune.com\/en\/wp-json\/wp\/v2\/media\/29240"}],"wp:attachment":[{"href":"https:\/\/oredune.com\/en\/wp-json\/wp\/v2\/media?parent=29239"}],"wp:term":[{"taxonomy":"product_brand","embeddable":true,"href":"https:\/\/oredune.com\/en\/wp-json\/wp\/v2\/product_brand?post=29239"},{"taxonomy":"product_cat","embeddable":true,"href":"https:\/\/oredune.com\/en\/wp-json\/wp\/v2\/product_cat?post=29239"},{"taxonomy":"product_tag","embeddable":true,"href":"https:\/\/oredune.com\/en\/wp-json\/wp\/v2\/product_tag?post=29239"}],"curies":[{"name":"wp","href":"https:\/\/api.w.org\/{rel}","templated":true}]}}