{"id":29043,"date":"2025-05-21T15:13:18","date_gmt":"2025-05-21T12:13:18","guid":{"rendered":"https:\/\/oredune.com\/?post_type=product&#038;p=29043"},"modified":"2025-12-15T00:48:38","modified_gmt":"2025-12-14T21:48:38","slug":"will-o-the-wisp-necklace-mother-of-pearl-stone","status":"publish","type":"product","link":"https:\/\/oredune.com\/en\/will-o-the-wisp-necklace-mother-of-pearl-stone\/","title":{"rendered":"Will O The Wisp Necklace &#8211; Mother Of Pearl Stone"},"content":{"rendered":"<p><span style=\"font-weight: 400\">G\u00f6lgeler i\u00e7inde do\u011fan ve gizemle \u015fekillenen <strong>Will O The Wisp<\/strong><\/span><span style=\"font-weight: 400\">, geceye h\u00fckmeden canl\u0131lardan ve karakterlerden ilham al\u0131yor. Ad\u0131n\u0131 <strong>Will O The Wisp<\/strong><\/span><span style=\"font-weight: 400\">\u00a0gibi fig\u00fcrlerden alan bu tasar\u0131m; cesur, sezgisel ve g\u00f6r\u00fcnmeyen g\u00fc\u00e7lere bir \u00f6vg\u00fc niteli\u011finde.<\/span><\/p>\n<p><b>Materyal: 925 ayar g\u00fcm\u00fc\u015f<\/b><span style=\"font-weight: 400\"> kullan\u0131larak elde \u00fcretilmi\u015f ve <\/span><b>18 ayar alt\u0131n <\/b><span style=\"font-weight: 400\">ile tamamlanm\u0131\u015ft\u0131r. \u00dczerinde yer alan Mother Of Pearl ( Sedef )<\/span><span style=\"font-weight: 400\">, <b>zarafet, safl\u0131k ve huzur<\/b><\/span><span style=\"font-weight: 400\">\u00a0ile gizli bir derinlik kazand\u0131r\u0131r. Renk paleti, gecenin karanl\u0131k tonlar\u0131n\u0131 ve g\u00f6r\u00fcnmeyen kanatlar\u0131n \u0131\u015f\u0131\u011f\u0131n\u0131 yans\u0131t\u0131r.<\/span><\/p>\n<p>\u201cHer par\u00e7a sevgiyle elde yap\u0131ld\u0131\u2014size \u00f6zel, e\u015fsiz ve tek.\u201d<\/p>\n","protected":false},"excerpt":{"rendered":"<p><span style=\"font-weight: 400\"><strong>Will O The Wisp<\/strong>, sadece bir aksesuar de\u011fil; ay \u0131\u015f\u0131\u011f\u0131yla y\u00f6n bulan, sezgiyle ya\u015fayanlar i\u00e7in bir t\u0131ls\u0131m.<\/span><\/p>\n","protected":false},"featured_media":29044,"comment_status":"closed","ping_status":"closed","template":"","meta":[],"product_brand":[],"product_cat":[29],"product_tag":[],"class_list":{"0":"post-29043","1":"product","2":"type-product","3":"status-publish","4":"has-post-thumbnail","6":"product_cat-kolye","8":"first","9":"outofstock","10":"shipping-taxable","11":"purchasable","12":"product-type-simple"},"jetpack_sharing_enabled":true,"_links":{"self":[{"href":"https:\/\/oredune.com\/en\/wp-json\/wp\/v2\/product\/29043","targetHints":{"allow":["GET"]}}],"collection":[{"href":"https:\/\/oredune.com\/en\/wp-json\/wp\/v2\/product"}],"about":[{"href":"https:\/\/oredune.com\/en\/wp-json\/wp\/v2\/types\/product"}],"replies":[{"embeddable":true,"href":"https:\/\/oredune.com\/en\/wp-json\/wp\/v2\/comments?post=29043"}],"version-history":[{"count":3,"href":"https:\/\/oredune.com\/en\/wp-json\/wp\/v2\/product\/29043\/revisions"}],"predecessor-version":[{"id":29356,"href":"https:\/\/oredune.com\/en\/wp-json\/wp\/v2\/product\/29043\/revisions\/29356"}],"wp:featuredmedia":[{"embeddable":true,"href":"https:\/\/oredune.com\/en\/wp-json\/wp\/v2\/media\/29044"}],"wp:attachment":[{"href":"https:\/\/oredune.com\/en\/wp-json\/wp\/v2\/media?parent=29043"}],"wp:term":[{"taxonomy":"product_brand","embeddable":true,"href":"https:\/\/oredune.com\/en\/wp-json\/wp\/v2\/product_brand?post=29043"},{"taxonomy":"product_cat","embeddable":true,"href":"https:\/\/oredune.com\/en\/wp-json\/wp\/v2\/product_cat?post=29043"},{"taxonomy":"product_tag","embeddable":true,"href":"https:\/\/oredune.com\/en\/wp-json\/wp\/v2\/product_tag?post=29043"}],"curies":[{"name":"wp","href":"https:\/\/api.w.org\/{rel}","templated":true}]}}