{"id":28983,"date":"2025-05-17T15:17:33","date_gmt":"2025-05-17T12:17:33","guid":{"rendered":"https:\/\/oredune.com\/?post_type=product&#038;p=28983"},"modified":"2025-06-15T17:31:58","modified_gmt":"2025-06-15T14:31:58","slug":"ragnar-necklace-turquoise-stone","status":"publish","type":"product","link":"https:\/\/oredune.com\/en\/ragnar-necklace-turquoise-stone\/","title":{"rendered":"Ragnar Necklace &#8211; Turquoise Stone"},"content":{"rendered":"<p>Denizin ruhundan ilhamla \u015fekillenen\u00a0<b>Ragnar<\/b>, bir zamanlar dalgalar\u0131n efendisi olan k\u00e2\u015fiflerin, gezginlerin ve korkusuz korsanlar\u0131n enerjisini ta\u015f\u0131yor. Ad\u0131n\u0131 <b>Ragnar <\/b>gibi tarihi ya da kurgusal bir korsandan alan bu par\u00e7a; karizma, cesaret ve gizemi \u00fczerinde ta\u015f\u0131yor.<\/p>\n<p><b>Materyal: 925 ayar g\u00fcm\u00fc\u015f<\/b>\u00a0ile \u00fcretilip\u00a0<b>18 ayar alt\u0131n<\/b>\u00a0ile tamamlanan bu\u00a0<b>Kolye\u00a0<\/b>, ortas\u0131ndaki\u00a0<b>Turquoise<\/b>\u00a0ile denizin enerjisini sembolize ediyor. Ta\u015f\u0131n rengi ve dokusu, okyanusun derinliklerini ve anlat\u0131lmam\u0131\u015f hik\u00e2yeleri \u00e7a\u011fr\u0131\u015ft\u0131r\u0131yor.<\/p>\n<p>Denizi ruhunda ta\u015f\u0131yanlar i\u00e7in zamans\u0131z bir hat\u0131ra.<\/p>\n<p>\u201cHer par\u00e7a sevgiyle elde yap\u0131ld\u0131\u2014size \u00f6zel, e\u015fsiz ve tek.\u201d<\/p>\n","protected":false},"excerpt":{"rendered":"<p>Hayat\u0131n ak\u0131nt\u0131lar\u0131na y\u00f6n verirken ya da uzak ufuklara yelken a\u00e7arken, <b>Ragnar <\/b>her zaman bir maceran\u0131n izini s\u00fcr\u00fcyor. Denizin \u00e7a\u011fr\u0131s\u0131na kulak verin.<\/p>\n","protected":false},"featured_media":28984,"comment_status":"closed","ping_status":"closed","template":"","meta":[],"product_brand":[],"product_cat":[29],"product_tag":[],"class_list":{"0":"post-28983","1":"product","2":"type-product","3":"status-publish","4":"has-post-thumbnail","6":"product_cat-kolye","8":"first","9":"outofstock","10":"shipping-taxable","11":"purchasable","12":"product-type-simple"},"jetpack_sharing_enabled":true,"_links":{"self":[{"href":"https:\/\/oredune.com\/en\/wp-json\/wp\/v2\/product\/28983","targetHints":{"allow":["GET"]}}],"collection":[{"href":"https:\/\/oredune.com\/en\/wp-json\/wp\/v2\/product"}],"about":[{"href":"https:\/\/oredune.com\/en\/wp-json\/wp\/v2\/types\/product"}],"replies":[{"embeddable":true,"href":"https:\/\/oredune.com\/en\/wp-json\/wp\/v2\/comments?post=28983"}],"version-history":[{"count":2,"href":"https:\/\/oredune.com\/en\/wp-json\/wp\/v2\/product\/28983\/revisions"}],"predecessor-version":[{"id":29007,"href":"https:\/\/oredune.com\/en\/wp-json\/wp\/v2\/product\/28983\/revisions\/29007"}],"wp:featuredmedia":[{"embeddable":true,"href":"https:\/\/oredune.com\/en\/wp-json\/wp\/v2\/media\/28984"}],"wp:attachment":[{"href":"https:\/\/oredune.com\/en\/wp-json\/wp\/v2\/media?parent=28983"}],"wp:term":[{"taxonomy":"product_brand","embeddable":true,"href":"https:\/\/oredune.com\/en\/wp-json\/wp\/v2\/product_brand?post=28983"},{"taxonomy":"product_cat","embeddable":true,"href":"https:\/\/oredune.com\/en\/wp-json\/wp\/v2\/product_cat?post=28983"},{"taxonomy":"product_tag","embeddable":true,"href":"https:\/\/oredune.com\/en\/wp-json\/wp\/v2\/product_tag?post=28983"}],"curies":[{"name":"wp","href":"https:\/\/api.w.org\/{rel}","templated":true}]}}