{"id":28937,"date":"2025-01-31T16:16:41","date_gmt":"2025-01-31T13:16:41","guid":{"rendered":"https:\/\/oredune.com\/?post_type=product&#038;p=28937"},"modified":"2025-05-17T14:48:07","modified_gmt":"2025-05-17T11:48:07","slug":"aphrodite-yuzuk-eski-bordo-cam-handcrafted","status":"publish","type":"product","link":"https:\/\/oredune.com\/en\/aphrodite-yuzuk-eski-bordo-cam-handcrafted\/","title":{"rendered":"Aphrodite Y\u00fcz\u00fck &#8211; Eski Bordo Cam (Handcrafted)"},"content":{"rendered":"<p>Aphrodite isimli bu \u00f6zg\u00fcn y\u00fcz\u00fck, antik d\u00f6nem ve zarafeti simgeleyen detaylar\u0131yla dikkat \u00e7ekmektedir. G\u00fcm\u00fc\u015f \u00fczerine uygulanan alt\u0131n kaplama ve bordo camdan \u00fcretilen kabartma Aphrodite motifi, bu y\u00fcz\u00fc\u011f\u00fc \u00f6zel ve benzersiz k\u0131lan unsurlard\u0131r.<\/p>\n<p>Y\u00fcz\u00fck, y\u00fcksek kalitede g\u00fcm\u00fc\u015ften \u00fcretilmi\u015f olup d\u0131\u015f y\u00fczeyi alt\u0131n kaplama ile zenginle\u015ftirilmi\u015ftir. Bu i\u015flem, dayan\u0131kl\u0131l\u0131\u011f\u0131 art\u0131rmakta ve y\u00fcz\u00fc\u011fe g\u00f6z al\u0131c\u0131 bir parlakl\u0131k kazand\u0131rmaktad\u0131r.<\/p>\n<p>Y\u00fcz\u00fc\u011f\u00fcn merkezinde yer alan bordo cam, zarif bir g\u00f6r\u00fcn\u00fcme sahip olup, ustal\u0131kla i\u015flenmi\u015f kabartma Aphrodite motifi ile s\u00fcslenmi\u015ftir. Antik Yunan mitolojisinin a\u015fk ve g\u00fczellik tanr\u0131\u00e7as\u0131 Aphrodite\u2019nin simgeleri, tasar\u0131ma derinlik katmaktad\u0131r.<\/p>\n<p>Her bir detay\u0131n titizlikle i\u015flendi\u011fi y\u00fcz\u00fck, ustalar\u0131n ince zanaatkarl\u0131\u011f\u0131yla olu\u015fturulmu\u015ftur. Antik sanat\u0131n izlerini ta\u015f\u0131yan bu tasar\u0131m, estetik ve el i\u015f\u00e7ili\u011fi konusunda \u00fcst d\u00fczey bir anlay\u0131\u015f\u0131 yans\u0131tmaktad\u0131r.<\/p>\n<p>\u015e\u0131kl\u0131\u011f\u0131n\u0131z\u0131 art\u0131racak zarif bir par\u00e7a olarak g\u00fcndelik kullan\u0131m i\u00e7in idealdir.<\/p>\n<p>Sevdiklerinize veya kendinize anlaml\u0131 ve \u00f6zel bir hediye arayanlar i\u00e7in e\u015fsiz bir alternatif.<\/p>\n<p>Y\u00fcz\u00fck \u00f6l\u00e7\u00fcs\u00fc : 21\u2019dir.<\/p>\n<p>\u0130stenilen y\u00fcz\u00fck \u00f6l\u00e7\u00fcs\u00fc sipari\u015f verirken not k\u0131sm\u0131na yaz\u0131lmal\u0131d\u0131r.<\/p>\n","protected":false},"excerpt":{"rendered":"<p>Aphrodite y\u00fcz\u00fc\u011f\u00fc, hem antik zamanlar\u0131n ruhunu hem de modern \u015f\u0131kl\u0131\u011f\u0131 bir arada sunan e\u015fsiz bir koleksiyon par\u00e7as\u0131d\u0131r.<\/p>\n","protected":false},"featured_media":28938,"comment_status":"closed","ping_status":"closed","template":"","meta":[],"product_brand":[],"product_cat":[28],"product_tag":[],"class_list":{"0":"post-28937","1":"product","2":"type-product","3":"status-publish","4":"has-post-thumbnail","6":"product_cat-yuzuk","8":"first","9":"outofstock","10":"shipping-taxable","11":"purchasable","12":"product-type-simple"},"jetpack_sharing_enabled":true,"_links":{"self":[{"href":"https:\/\/oredune.com\/en\/wp-json\/wp\/v2\/product\/28937","targetHints":{"allow":["GET"]}}],"collection":[{"href":"https:\/\/oredune.com\/en\/wp-json\/wp\/v2\/product"}],"about":[{"href":"https:\/\/oredune.com\/en\/wp-json\/wp\/v2\/types\/product"}],"replies":[{"embeddable":true,"href":"https:\/\/oredune.com\/en\/wp-json\/wp\/v2\/comments?post=28937"}],"version-history":[{"count":2,"href":"https:\/\/oredune.com\/en\/wp-json\/wp\/v2\/product\/28937\/revisions"}],"predecessor-version":[{"id":28947,"href":"https:\/\/oredune.com\/en\/wp-json\/wp\/v2\/product\/28937\/revisions\/28947"}],"wp:featuredmedia":[{"embeddable":true,"href":"https:\/\/oredune.com\/en\/wp-json\/wp\/v2\/media\/28938"}],"wp:attachment":[{"href":"https:\/\/oredune.com\/en\/wp-json\/wp\/v2\/media?parent=28937"}],"wp:term":[{"taxonomy":"product_brand","embeddable":true,"href":"https:\/\/oredune.com\/en\/wp-json\/wp\/v2\/product_brand?post=28937"},{"taxonomy":"product_cat","embeddable":true,"href":"https:\/\/oredune.com\/en\/wp-json\/wp\/v2\/product_cat?post=28937"},{"taxonomy":"product_tag","embeddable":true,"href":"https:\/\/oredune.com\/en\/wp-json\/wp\/v2\/product_tag?post=28937"}],"curies":[{"name":"wp","href":"https:\/\/api.w.org\/{rel}","templated":true}]}}