{"id":28787,"date":"2025-01-21T17:29:19","date_gmt":"2025-01-21T14:29:19","guid":{"rendered":"https:\/\/oredune.com\/?post_type=product&#038;p=28787"},"modified":"2026-01-15T15:50:23","modified_gmt":"2026-01-15T12:50:23","slug":"pax-madalyon-coin-handcrafted","status":"publish","type":"product","link":"https:\/\/oredune.com\/en\/pax-madalyon-coin-handcrafted\/","title":{"rendered":"Pax Madalyon &#8211; Coin (Handcrafted)"},"content":{"rendered":"<p>Antik Roma mitolojisinin bar\u0131\u015f tanr\u0131\u00e7as\u0131 Pax&#8217;\u0131 onurland\u0131ran bu \u00f6zel coin madalyon, tarih ve sanat\u0131 bir araya getiriyor.<\/p>\n<p>\u00d6n y\u00fcz\u00fcnde, Antik Roma d\u00f6nemini temsil eden portre yer al\u0131rken, bu tasar\u0131m d\u00f6nemin g\u00fcc\u00fcn\u00fc ve etkisini yans\u0131t\u0131r. Arka y\u00fcz\u00fcnde ise, bilgelik ve koruma simgesi bayku\u015f motifi, yan\u0131nda &#8220;A.O.E.&#8221;, yani &#8216;Age Of Empires&#8217; yaz\u0131s\u0131 ile birle\u015ferek derin bir anlam ifade eder.<\/p>\n<p>Bu estetik madalyon sadece bir tak\u0131 de\u011fil, ayn\u0131 zamanda tarihi ve k\u00fclt\u00fcrel bir miras olarak da de\u011fer ta\u015f\u0131r. Pax&#8217;\u0131n huzur ve denge sembolizmi, bu madalyonu hem g\u00f6rsel hem de ruhsal bir anlamda \u00f6zel k\u0131lar.<\/p>\n<p>Pax, Roma mitolojisinde bar\u0131\u015f\u0131n simgesi olarak \u00f6nemli bir yere sahiptir; bu madalyon, ta\u015f\u0131y\u0131c\u0131s\u0131na huzur ve denge hissi katar.<\/p>\n<p>Bayku\u015f fig\u00fcr\u00fc, bilgi ve bilgelik sembol\u00fcd\u00fcr; bu nedenle, madalyonun her an\u0131 anlam dolu bir deneyime d\u00f6n\u00fc\u015f\u00fcr.<\/p>\n","protected":false},"excerpt":{"rendered":"<p>Pax&#8217;\u0131n bar\u0131\u015f\u0131n\u0131 ve bilgelik sembollerini stilinize ta\u015f\u0131yarak, bu e\u015fsiz madalyon ile hem estetik hem de anlam dolu bir par\u00e7a ta\u015f\u0131man\u0131n keyfini ya\u015fay\u0131n!<\/p>\n","protected":false},"featured_media":28788,"comment_status":"closed","ping_status":"closed","template":"","meta":[],"product_brand":[],"product_cat":[107],"product_tag":[],"class_list":{"0":"post-28787","1":"product","2":"type-product","3":"status-publish","4":"has-post-thumbnail","6":"product_cat-madalyon","8":"first","9":"outofstock","10":"shipping-taxable","11":"purchasable","12":"product-type-simple"},"jetpack_sharing_enabled":true,"_links":{"self":[{"href":"https:\/\/oredune.com\/en\/wp-json\/wp\/v2\/product\/28787","targetHints":{"allow":["GET"]}}],"collection":[{"href":"https:\/\/oredune.com\/en\/wp-json\/wp\/v2\/product"}],"about":[{"href":"https:\/\/oredune.com\/en\/wp-json\/wp\/v2\/types\/product"}],"replies":[{"embeddable":true,"href":"https:\/\/oredune.com\/en\/wp-json\/wp\/v2\/comments?post=28787"}],"version-history":[{"count":2,"href":"https:\/\/oredune.com\/en\/wp-json\/wp\/v2\/product\/28787\/revisions"}],"predecessor-version":[{"id":28795,"href":"https:\/\/oredune.com\/en\/wp-json\/wp\/v2\/product\/28787\/revisions\/28795"}],"wp:featuredmedia":[{"embeddable":true,"href":"https:\/\/oredune.com\/en\/wp-json\/wp\/v2\/media\/28788"}],"wp:attachment":[{"href":"https:\/\/oredune.com\/en\/wp-json\/wp\/v2\/media?parent=28787"}],"wp:term":[{"taxonomy":"product_brand","embeddable":true,"href":"https:\/\/oredune.com\/en\/wp-json\/wp\/v2\/product_brand?post=28787"},{"taxonomy":"product_cat","embeddable":true,"href":"https:\/\/oredune.com\/en\/wp-json\/wp\/v2\/product_cat?post=28787"},{"taxonomy":"product_tag","embeddable":true,"href":"https:\/\/oredune.com\/en\/wp-json\/wp\/v2\/product_tag?post=28787"}],"curies":[{"name":"wp","href":"https:\/\/api.w.org\/{rel}","templated":true}]}}