{"id":28542,"date":"2024-10-26T18:40:44","date_gmt":"2024-10-26T15:40:44","guid":{"rendered":"https:\/\/oredune.com\/?post_type=product&#038;p=28542"},"modified":"2025-02-27T18:33:10","modified_gmt":"2025-02-27T15:33:10","slug":"elysion-kupe-lapis-lazuli-stone-handcrafted","status":"publish","type":"product","link":"https:\/\/oredune.com\/en\/elysion-kupe-lapis-lazuli-stone-handcrafted\/","title":{"rendered":"Elysion K\u00fcpe &#8211; Lapis Lazuli Stone (Handcrafted)"},"content":{"rendered":"<p><span>&#8220;Elysion&#8221; k\u00fcpesi, as\u0131rl\u0131k mitoloji ve do\u011fal ta\u015flar\u0131n b\u00fcy\u00fcleyici bir birle\u015fimi olan, lapis lazuli ta\u015f\u0131n\u0131 i\u00e7eren \u00f6zel bir tasar\u0131md\u0131r. Bu derin lacivert ta\u015f, tarih boyunca bilgelik, i\u00e7sel g\u00fc\u00e7 ve ruhsal uyan\u0131\u015f sembol\u00fc olarak biliniyor. <\/span><\/p>\n<p><span>Her bir ta\u015f, Pegasus efsanesinin zarif fig\u00fcrleriyle oyulmu\u015f olup, bu mistik \u00f6yk\u00fcye hayat verir.<\/span><\/p>\n<p><span>Lapis lazuli ta\u015f\u0131, i\u00e7sel huzuru ve bilgelik katarak, g\u00fc\u00e7l\u00fc bir duru\u015fa sahip olmas\u0131na yard\u0131mc\u0131 olur. Lacivertin zarafetini simgeleyen bu ta\u015f, alt\u0131n kaplama ile harmanlanarak asil bir g\u00f6r\u00fcn\u00fcm kazan\u0131yor. <\/span><\/p>\n<p><span>G\u00fcm\u00fc\u015f \u00fczerine uygulanan alt\u0131n kaplama, hem par\u00e7a b\u00fct\u00fcnl\u00fc\u011f\u00fcn\u00fc g\u00fc\u00e7lendirir hem de \u0131\u015f\u0131n \u00e7ekici bir \u015fekilde yans\u0131t\u0131larak eksiksiz bir par\u00e7a sunar. &#8220;Elysion&#8221; k\u00fcpesi, her detay\u0131yla fark yaratan bir m\u00fccevher olarak, g\u00fcndelik stilinize de \u00f6zel g\u00fcnlerinize m\u00fckemmel bir uyum sa\u011flar.<\/span><\/p>\n<p><span>Bu k\u00fcpe, yaln\u0131zca bir tak\u0131 de\u011fil, ruhunuzu yans\u0131tan ve antik bir hikayeyi kulaklar\u0131n\u0131z\u0131 ta\u015f\u0131yan bir m\u00fccevherdir.<\/span><\/p>\n","protected":false},"excerpt":{"rendered":"<p>Zamans\u0131z \u015f\u0131kl\u0131\u011f\u0131 ve mitolojik derinli\u011fi ile &#8220;Elysion&#8221;, tarzda \u00f6zg\u00fcnl\u00fck ve anlam katar.<\/p>\n","protected":false},"featured_media":28543,"comment_status":"closed","ping_status":"closed","template":"","meta":[],"product_brand":[],"product_cat":[20],"product_tag":[],"class_list":{"0":"post-28542","1":"product","2":"type-product","3":"status-publish","4":"has-post-thumbnail","6":"product_cat-kupe","8":"first","9":"instock","10":"shipping-taxable","11":"purchasable","12":"product-type-simple"},"jetpack_sharing_enabled":true,"_links":{"self":[{"href":"https:\/\/oredune.com\/en\/wp-json\/wp\/v2\/product\/28542","targetHints":{"allow":["GET"]}}],"collection":[{"href":"https:\/\/oredune.com\/en\/wp-json\/wp\/v2\/product"}],"about":[{"href":"https:\/\/oredune.com\/en\/wp-json\/wp\/v2\/types\/product"}],"replies":[{"embeddable":true,"href":"https:\/\/oredune.com\/en\/wp-json\/wp\/v2\/comments?post=28542"}],"version-history":[{"count":2,"href":"https:\/\/oredune.com\/en\/wp-json\/wp\/v2\/product\/28542\/revisions"}],"predecessor-version":[{"id":28550,"href":"https:\/\/oredune.com\/en\/wp-json\/wp\/v2\/product\/28542\/revisions\/28550"}],"wp:featuredmedia":[{"embeddable":true,"href":"https:\/\/oredune.com\/en\/wp-json\/wp\/v2\/media\/28543"}],"wp:attachment":[{"href":"https:\/\/oredune.com\/en\/wp-json\/wp\/v2\/media?parent=28542"}],"wp:term":[{"taxonomy":"product_brand","embeddable":true,"href":"https:\/\/oredune.com\/en\/wp-json\/wp\/v2\/product_brand?post=28542"},{"taxonomy":"product_cat","embeddable":true,"href":"https:\/\/oredune.com\/en\/wp-json\/wp\/v2\/product_cat?post=28542"},{"taxonomy":"product_tag","embeddable":true,"href":"https:\/\/oredune.com\/en\/wp-json\/wp\/v2\/product_tag?post=28542"}],"curies":[{"name":"wp","href":"https:\/\/api.w.org\/{rel}","templated":true}]}}