{"id":28315,"date":"2024-07-27T16:56:24","date_gmt":"2024-07-27T13:56:24","guid":{"rendered":"https:\/\/oredune.com\/?post_type=product&#038;p=28315"},"modified":"2024-10-04T16:25:34","modified_gmt":"2024-10-04T13:25:34","slug":"orkos-yuzuk","status":"publish","type":"product","link":"https:\/\/oredune.com\/en\/orkos-yuzuk\/","title":{"rendered":"Orkos Y\u00fcz\u00fck"},"content":{"rendered":"<p>Orkos, zarafeti ve el i\u015f\u00e7ili\u011fini bir araya getiren \u00f6zel bir tasar\u0131md\u0131r. Bu muhte\u015fem y\u00fcz\u00fck, en kaliteli malzemeler kullan\u0131larak \u00f6zenle \u00fcretilmi\u015ftir. G\u00fcm\u00fc\u015f \u00fczeri 18 ayar alt\u0131n kaplama ile zenginle\u015ftirilmi\u015f olan Orkos, hem g\u00fcnl\u00fck kullan\u0131mda hem de \u00f6zel g\u00fcnlerde size e\u015fsiz bir \u015f\u0131kl\u0131k katacak.<\/p>\n<p>Geleneksel el i\u015f\u00e7ili\u011finin modern tasar\u0131mla bulu\u015ftu\u011fu bu y\u00fcz\u00fck, sanat ve zanaatkarl\u0131\u011f\u0131n en g\u00fczel \u00f6rneklerinden biridir.<\/p>\n<p>Orkos y\u00fcz\u00fck, tarz\u0131n\u0131z\u0131 ve zarafetinizi yans\u0131tacak \u00f6zel bir aksesuard\u0131r.<\/p>\n","protected":false},"excerpt":{"rendered":"<p>Orkos, her detay\u0131yla benzersizdir ve sizi her an \u00f6zel hissettirir.<\/p>\n","protected":false},"featured_media":28316,"comment_status":"closed","ping_status":"closed","template":"","meta":[],"product_brand":[],"product_cat":[28],"product_tag":[],"class_list":{"0":"post-28315","1":"product","2":"type-product","3":"status-publish","4":"has-post-thumbnail","6":"product_cat-yuzuk","8":"first","9":"instock","10":"shipping-taxable","11":"purchasable","12":"product-type-simple"},"jetpack_sharing_enabled":true,"_links":{"self":[{"href":"https:\/\/oredune.com\/en\/wp-json\/wp\/v2\/product\/28315","targetHints":{"allow":["GET"]}}],"collection":[{"href":"https:\/\/oredune.com\/en\/wp-json\/wp\/v2\/product"}],"about":[{"href":"https:\/\/oredune.com\/en\/wp-json\/wp\/v2\/types\/product"}],"replies":[{"embeddable":true,"href":"https:\/\/oredune.com\/en\/wp-json\/wp\/v2\/comments?post=28315"}],"version-history":[{"count":3,"href":"https:\/\/oredune.com\/en\/wp-json\/wp\/v2\/product\/28315\/revisions"}],"predecessor-version":[{"id":28352,"href":"https:\/\/oredune.com\/en\/wp-json\/wp\/v2\/product\/28315\/revisions\/28352"}],"wp:featuredmedia":[{"embeddable":true,"href":"https:\/\/oredune.com\/en\/wp-json\/wp\/v2\/media\/28316"}],"wp:attachment":[{"href":"https:\/\/oredune.com\/en\/wp-json\/wp\/v2\/media?parent=28315"}],"wp:term":[{"taxonomy":"product_brand","embeddable":true,"href":"https:\/\/oredune.com\/en\/wp-json\/wp\/v2\/product_brand?post=28315"},{"taxonomy":"product_cat","embeddable":true,"href":"https:\/\/oredune.com\/en\/wp-json\/wp\/v2\/product_cat?post=28315"},{"taxonomy":"product_tag","embeddable":true,"href":"https:\/\/oredune.com\/en\/wp-json\/wp\/v2\/product_tag?post=28315"}],"curies":[{"name":"wp","href":"https:\/\/api.w.org\/{rel}","templated":true}]}}