{"id":28311,"date":"2024-07-27T16:54:57","date_gmt":"2024-07-27T13:54:57","guid":{"rendered":"https:\/\/oredune.com\/?post_type=product&#038;p=28311"},"modified":"2024-10-04T16:25:35","modified_gmt":"2024-10-04T13:25:35","slug":"nomos-yuzuk","status":"publish","type":"product","link":"https:\/\/oredune.com\/en\/nomos-yuzuk\/","title":{"rendered":"Nomos Y\u00fcz\u00fck"},"content":{"rendered":"<p>&#8220;Nomos&#8221; y\u00fcz\u00fc\u011f\u00fc, zarif ve sofistike bir stil sunarken, ayn\u0131 zamanda dayan\u0131kl\u0131l\u0131k ve konfor sa\u011flar. G\u00fcm\u00fc\u015f\u00fcn do\u011fal g\u00fczelli\u011fi, 18 ayar alt\u0131n kaplama ile m\u00fckemmel bir \u015fekilde tamamlanm\u0131\u015f olup, her t\u00fcrl\u00fc k\u0131yafetle uyum sa\u011flar.<\/p>\n<p>\u00d6zel g\u00fcnler, davetler veya g\u00fcnl\u00fck kullan\u0131m i\u00e7in ideal olan bu y\u00fcz\u00fck, takan ki\u015fiye zarafet katacakt\u0131r. Kendi stilinizi yans\u0131tmak ve \u00f6zg\u00fcn bir aksesuarla fark yaratmak isteyenler i\u00e7in m\u00fckemmel bir se\u00e7imdir.<\/p>\n","protected":false},"excerpt":{"rendered":"<p>Bu e\u015fsiz y\u00fcz\u00fckle tarz\u0131n\u0131za de\u011fer kat\u0131n.<\/p>\n","protected":false},"featured_media":28312,"comment_status":"closed","ping_status":"closed","template":"","meta":[],"product_brand":[],"product_cat":[28],"product_tag":[],"class_list":{"0":"post-28311","1":"product","2":"type-product","3":"status-publish","4":"has-post-thumbnail","6":"product_cat-yuzuk","8":"first","9":"instock","10":"shipping-taxable","11":"purchasable","12":"product-type-simple"},"jetpack_sharing_enabled":true,"_links":{"self":[{"href":"https:\/\/oredune.com\/en\/wp-json\/wp\/v2\/product\/28311","targetHints":{"allow":["GET"]}}],"collection":[{"href":"https:\/\/oredune.com\/en\/wp-json\/wp\/v2\/product"}],"about":[{"href":"https:\/\/oredune.com\/en\/wp-json\/wp\/v2\/types\/product"}],"replies":[{"embeddable":true,"href":"https:\/\/oredune.com\/en\/wp-json\/wp\/v2\/comments?post=28311"}],"version-history":[{"count":3,"href":"https:\/\/oredune.com\/en\/wp-json\/wp\/v2\/product\/28311\/revisions"}],"predecessor-version":[{"id":28350,"href":"https:\/\/oredune.com\/en\/wp-json\/wp\/v2\/product\/28311\/revisions\/28350"}],"wp:featuredmedia":[{"embeddable":true,"href":"https:\/\/oredune.com\/en\/wp-json\/wp\/v2\/media\/28312"}],"wp:attachment":[{"href":"https:\/\/oredune.com\/en\/wp-json\/wp\/v2\/media?parent=28311"}],"wp:term":[{"taxonomy":"product_brand","embeddable":true,"href":"https:\/\/oredune.com\/en\/wp-json\/wp\/v2\/product_brand?post=28311"},{"taxonomy":"product_cat","embeddable":true,"href":"https:\/\/oredune.com\/en\/wp-json\/wp\/v2\/product_cat?post=28311"},{"taxonomy":"product_tag","embeddable":true,"href":"https:\/\/oredune.com\/en\/wp-json\/wp\/v2\/product_tag?post=28311"}],"curies":[{"name":"wp","href":"https:\/\/api.w.org\/{rel}","templated":true}]}}